{"id":584,"date":"2017-01-02T08:28:52","date_gmt":"2017-01-02T08:28:52","guid":{"rendered":"https:\/\/demo.themegrill.com\/flash-default-2\/?page_id=5"},"modified":"2019-11-07T13:46:33","modified_gmt":"2019-11-07T13:46:33","slug":"home","status":"publish","type":"page","link":"https:\/\/onbox.dk\/","title":{"rendered":"Home"},"content":{"rendered":"<div id=\"pl-584\"  class=\"panel-layout\" ><div id=\"pg-584-0\"  class=\"panel-grid panel-has-style\" ><div class=\"siteorigin-panels-stretch panel-row-style panel-row-style-for-584-0\" data-stretch-type=\"full-stretched\" ><div id=\"pgc-584-0-0\"  class=\"panel-grid-cell\" ><div id=\"panel-584-0-0-0\" class=\"so-panel widget widget_sow-image panel-first-child panel-last-child\" data-index=\"0\" ><div class=\"so-widget-sow-image so-widget-sow-image-default-d6014b76747a\">\n\n<div class=\"sow-image-container\">\n\t<img src=\"https:\/\/onbox.dk\/wp-content\/uploads\/2019\/10\/banner_text_desktop.jpg\" width=\"1920\" height=\"1080\" srcset=\"https:\/\/onbox.dk\/wp-content\/uploads\/2019\/10\/banner_text_desktop.jpg 1920w, https:\/\/onbox.dk\/wp-content\/uploads\/2019\/10\/banner_text_desktop-300x169.jpg 300w, https:\/\/onbox.dk\/wp-content\/uploads\/2019\/10\/banner_text_desktop-768x432.jpg 768w, https:\/\/onbox.dk\/wp-content\/uploads\/2019\/10\/banner_text_desktop-1024x576.jpg 1024w\" sizes=\"(max-width: 1920px) 100vw, 1920px\" alt=\"\" \t\tclass=\"so-widget-image\"\/>\n<\/div>\n\n<\/div><\/div><\/div><div id=\"pgc-584-0-1\"  class=\"panel-grid-cell\" ><div id=\"panel-584-0-1-0\" class=\"so-panel widget widget_siteorigin-panels-builder panel-first-child panel-last-child\" data-index=\"1\" ><div class=\"panel-widget-style panel-widget-style-for-584-0-1-0\" ><div id=\"pl-w5da5c5a1d037c\"  class=\"panel-layout\" ><div id=\"pg-w5da5c5a1d037c-0\"  class=\"panel-grid panel-no-style\" ><div id=\"pgc-w5da5c5a1d037c-0-0\"  class=\"panel-grid-cell\" ><div id=\"panel-w5da5c5a1d037c-0-0-0\" class=\"so-panel widget widget_themegrill_flash_heading tg-widget section-title-wrapper panel-first-child\" data-index=\"0\" >\t<h3 class=\"section-title\">Vil du h\u00f8re mere om vores l\u00f8sning?<\/h3>\n<\/div><div id=\"panel-w5da5c5a1d037c-0-0-1\" class=\"so-panel widget widget_sow-editor panel-last-child\" data-index=\"1\" ><div class=\"so-widget-sow-editor so-widget-sow-editor-base\">\n<div class=\"siteorigin-widget-tinymce textwidget\">\n\t<div class=\"everest-forms\"><div class=\"evf-container default\" id=\"evf-5\"><form id=\"evf-form-5\" class=\"everest-form\" data-formid=\"5\" data-ajax_submission=\"0\" method=\"post\" enctype=\"multipart\/form-data\" action=\"\/index.php?rest_route=%2Fwp%2Fv2%2Fpages%2F584\"><div class=\"evf-field-container\"><input type=\"hidden\" id=\"_wpnonce\" name=\"_wpnonce\" value=\"bb77402800\" \/><input type=\"hidden\" name=\"_wp_http_referer\" value=\"\/index.php?rest_route=%2Fwp%2Fv2%2Fpages%2F584\" \/><div class=\"evf-frontend-row\" data-row=\"row_1\"><div class=\"evf-frontend-grid evf-grid-1\" data-grid=\"grid_1\"><div id=\"evf-5-field_fullname-container\" class=\"evf-field evf-field-text form-row validate-required\" data-required-field-message=\"This field is required.\" data-field-id=\"fullname\"><label class=\"evf-field-label evf-label-hide\" for=\"evf-5-field_fullname\"><span class=\"evf-label\">Navn<\/span> <abbr class=\"required\" title=\"Required\">*<\/abbr><\/label><input type=\"text\" id=\"evf-5-field_fullname\" class=\"input-text\" name=\"everest_forms[form_fields][fullname]\" placeholder=\"Navn\" required><\/div><div id=\"evf-5-field_CKdhWcgiyN-2-container\" class=\"evf-field evf-field-text form-row validate-required\" data-required-field-message=\"This field is required.\" data-field-id=\"CKdhWcgiyN-2\"><label class=\"evf-field-label evf-label-hide\" for=\"evf-5-field_CKdhWcgiyN-2\"><span class=\"evf-label\">Firma<\/span> <abbr class=\"required\" title=\"Required\">*<\/abbr><\/label><input type=\"text\" id=\"evf-5-field_CKdhWcgiyN-2\" class=\"input-text\" name=\"everest_forms[form_fields][CKdhWcgiyN-2]\" placeholder=\"Firma\" required><\/div><div id=\"evf-5-field_email-container\" class=\"evf-field evf-field-email form-row validate-required validate-email\" data-required-field-message=\"Please enter a valid email address.\" data-field-id=\"email\"><label class=\"evf-field-label evf-label-hide\" for=\"evf-5-field_email\"><span class=\"evf-label\">E-mail<\/span> <abbr class=\"required\" title=\"Required\">*<\/abbr><\/label><input type=\"email\" id=\"evf-5-field_email\" class=\"input-text\" name=\"everest_forms[form_fields][email]\" placeholder=\"E-mail\" required><\/div><div id=\"evf-5-field_TnxwSk6VbE-1-container\" class=\"evf-field evf-field-number form-row validate-required\" data-required-field-message=\"Please enter a valid number.\" data-field-id=\"TnxwSk6VbE-1\"><label class=\"evf-field-label evf-label-hide\" for=\"evf-5-field_TnxwSk6VbE-1\"><span class=\"evf-label\">Telefon<\/span> <abbr class=\"required\" title=\"Required\">*<\/abbr><\/label><input type=\"number\" id=\"evf-5-field_TnxwSk6VbE-1\" class=\"input-text\" name=\"everest_forms[form_fields][TnxwSk6VbE-1]\" placeholder=\"Telefon\" step=\"1\" required \/><\/div><\/div><\/div><\/div><div class=\"evf-honeypot-container evf-field-hp\"><label for=\"evf-5-field-hp\" class=\"evf-field-label\">Email<\/label><input type=\"text\" name=\"everest_forms[hp]\" id=\"evf-5-field-hp\" class=\"input-text\"><\/div><div class=\"evf-submit-container \" ><input type=\"hidden\" name=\"everest_forms[id]\" value=\"5\"><input type=\"hidden\" name=\"everest_forms[author]\" value=\"1\"><button type='submit' name='everest_forms[submit]' class='everest-forms-submit-button button evf-submit ' id='evf-submit-5' value='evf-submit' data-process-text=\"Sender\u2026\" conditional_rules='\"\"' conditional_id='evf-submit-5' >Send<\/button><\/div><\/form><\/div><!-- .evf-container --><\/div>\n<\/div>\n<\/div><\/div><\/div><\/div><\/div><\/div><\/div><\/div><\/div><\/div><div id=\"pg-584-1\"  class=\"panel-grid panel-has-style\" ><div class=\"siteorigin-panels-stretch panel-row-style panel-row-style-for-584-1\" data-stretch-type=\"full\" ><div id=\"pgc-584-1-0\"  class=\"panel-grid-cell\" ><div id=\"panel-584-1-0-0\" class=\"so-panel widget widget_themegrill_flash_service tg-widget tg-single-service panel-first-child panel-last-child\" data-index=\"2\" >\n<div class=\"tg-service-widget tg-service-layout-1\">\n\t<div class=\"service-wrapper\">\n\t\t<div class=\"service-icon-title-wrapper clearfix\">\n\t\t\t\t\t\t<div class=\"service-icon-wrap\"><i class=\"fa fa-check\"><\/i><\/div>\n\t\t\t\t\t\t\t\t\t\t\t\t<h3 class=\"service-title-wrap\">\n\t\t\t\tNemt og hurtigt\t\t\t\t\t\t\t<\/h3>\n\t\t\t\t\t<\/div>\n\t\t\t\t<div class=\"service-content-wrap\">Med alle jeres markedsf\u00f8ringsmaterialer samlet et sted er det nemt og hurtigt at skabe overblik og f\u00e5 bestilt det rigtige.<\/div>\n\t\t\t\t\t<\/div>\n<\/div>\n<\/div><\/div><div id=\"pgc-584-1-1\"  class=\"panel-grid-cell\" ><div id=\"panel-584-1-1-0\" class=\"so-panel widget widget_themegrill_flash_service tg-widget tg-single-service panel-first-child panel-last-child\" data-index=\"3\" >\n<div class=\"tg-service-widget tg-service-layout-1\">\n\t<div class=\"service-wrapper\">\n\t\t<div class=\"service-icon-title-wrapper clearfix\">\n\t\t\t\t\t\t<div class=\"service-icon-wrap\"><i class=\"fa fa-files-o\"><\/i><\/div>\n\t\t\t\t\t\t\t\t\t\t\t\t<h3 class=\"service-title-wrap\">\n\t\t\t\tEnsartet design\t\t\t\t\t\t\t<\/h3>\n\t\t\t\t\t<\/div>\n\t\t\t\t<div class=\"service-content-wrap\">Ved at bruge dynamiske skabeloner sikrer vi at dine forskellige varianter af samme produkt f\u00e5r et ensartet design.<\/div>\n\t\t\t\t\t<\/div>\n<\/div>\n<\/div><\/div><div id=\"pgc-584-1-2\"  class=\"panel-grid-cell\" ><div id=\"panel-584-1-2-0\" class=\"so-panel widget widget_themegrill_flash_service tg-widget tg-single-service panel-first-child panel-last-child\" data-index=\"4\" >\n<div class=\"tg-service-widget tg-service-layout-1\">\n\t<div class=\"service-wrapper\">\n\t\t<div class=\"service-icon-title-wrapper clearfix\">\n\t\t\t\t\t\t<div class=\"service-icon-wrap\"><i class=\"fa fa-truck\"><\/i><\/div>\n\t\t\t\t\t\t\t\t\t\t\t\t<h3 class=\"service-title-wrap\">\n\t\t\t\tSamlet levering\t\t\t\t\t\t\t<\/h3>\n\t\t\t\t\t<\/div>\n\t\t\t\t<div class=\"service-content-wrap\">Med vores l\u00f8sning f\u00e5r i leveret alle de bestilte materialer p\u00e5 \u00e9n gang. S\u00e5 har i det hele samlet.<\/div>\n\t\t\t\t\t<\/div>\n<\/div>\n<\/div><\/div><\/div><\/div><div id=\"pg-584-2\"  class=\"panel-grid panel-has-style\" ><div class=\"siteorigin-panels-stretch panel-row-style panel-row-style-for-584-2\" data-stretch-type=\"full\" ><div id=\"pgc-584-2-0\"  class=\"panel-grid-cell\" ><div class=\"panel-cell-style panel-cell-style-for-584-2-0\" ><div id=\"panel-584-2-0-0\" class=\"so-panel widget widget_themegrill_flash_heading tg-widget section-title-wrapper panel-first-child\" data-index=\"5\" >\t<h3 class=\"section-title\">S\u00e5dan fungerer det<\/h3>\n<\/div><div id=\"panel-584-2-0-1\" class=\"so-panel widget widget_sow-editor panel-last-child\" data-index=\"6\" ><div class=\"so-widget-sow-editor so-widget-sow-editor-base\">\n<div class=\"siteorigin-widget-tinymce textwidget\">\n\t<p>Vi uploader alle dine tryksagsprodukter op i din egen \"shop\" som b\u00e5de du og dine kollegaer kan bruge. Vi har logistik l\u00f8sninger s\u00e5 vi kan sende til hele verdenen.<\/p>\n<p>Uanset om det er visitkort, roll ups eller et af vores andre hunredevis af produkter indenfor tryk, print, storformat - s\u00e5 kan vi h\u00e5ndterer det. Det er den perfekte l\u00f8sning til at f\u00e5 styr p\u00e5 det fysiske markedsf\u00f8ringsprodukt.<\/p>\n<p>Kontakt os idag for at f\u00e5 en demo af hvordan det kunne virke for dig.<\/p>\n<p>Vores forretning er at g\u00f8re det nemmere for dig at bestille dine markedsf\u00f8ringsprodukter.<\/p>\n<\/div>\n<\/div><\/div><\/div><\/div><div id=\"pgc-584-2-1\"  class=\"panel-grid-cell\" ><div id=\"panel-584-2-1-0\" class=\"so-panel widget widget_themegrill_flash_heading tg-widget section-title-wrapper panel-first-child\" data-index=\"7\" >\t<h3 class=\"section-title\">Pr\u00f8v vores demo<\/h3>\n\t<div class=\"section-description\">Her kan du pr\u00f8ve en demo af vores system.<\/div>\n<\/div><div id=\"panel-584-2-1-1\" class=\"so-panel widget widget_themegrill_flash_cta tg-widget call-to-action-section\" data-index=\"8\" ><div class=\"cta-wrapper call-to-action-section-layout-1\">\n\t<div class=\"section-title-wrapper\">\n\t\t\t<\/div>\n\t\t<div class=\"btn-wrapper\">\n\t\t\t\t<a class=\"btn\" href=\"http:\/\/www.onbox.onprint.dk\">Tryk her<\/a>\n\t\t\t\t\t<\/div>\n\t<\/div>\n<\/div><div id=\"panel-584-2-1-2\" class=\"so-panel widget widget_sow-editor\" data-index=\"9\" ><div class=\"so-widget-sow-editor so-widget-sow-editor-base\">\n<div class=\"siteorigin-widget-tinymce textwidget\">\n\t<p style=\"text-align: center;\"><strong>Brugernavn:<\/strong><br \/>\nonprint koncern<br \/>\n<strong>Password:<\/strong><br \/>\nonprint<\/p>\n<\/div>\n<\/div><\/div><div id=\"panel-584-2-1-3\" class=\"so-panel widget widget_sow-image\" data-index=\"10\" ><div class=\"so-widget-sow-image so-widget-sow-image-default-d6014b76747a\">\n\n<div class=\"sow-image-container\">\n\t<img src=\"https:\/\/onbox.dk\/wp-content\/uploads\/2019\/11\/onbox_desktop_preview.jpg\" width=\"1920\" height=\"861\" srcset=\"https:\/\/onbox.dk\/wp-content\/uploads\/2019\/11\/onbox_desktop_preview.jpg 1920w, https:\/\/onbox.dk\/wp-content\/uploads\/2019\/11\/onbox_desktop_preview-300x135.jpg 300w, https:\/\/onbox.dk\/wp-content\/uploads\/2019\/11\/onbox_desktop_preview-768x344.jpg 768w, https:\/\/onbox.dk\/wp-content\/uploads\/2019\/11\/onbox_desktop_preview-1024x459.jpg 1024w\" sizes=\"(max-width: 1920px) 100vw, 1920px\" alt=\"\" \t\tclass=\"so-widget-image\"\/>\n<\/div>\n\n<\/div><\/div><div id=\"panel-584-2-1-4\" class=\"so-panel widget widget_sow-editor panel-last-child\" data-index=\"11\" ><div class=\"flash_inherit_color panel-widget-style panel-widget-style-for-584-2-1-4\" ><div class=\"so-widget-sow-editor so-widget-sow-editor-base\"><h3 class=\"widget-title\">Er du allerede kunde?<\/h3>\n<div class=\"siteorigin-widget-tinymce textwidget\">\n\t<p><a href=\"http:\/\/www.onbox.onprint.dk\">Klik her for at logge ind.<\/a><\/p>\n<\/div>\n<\/div><\/div><\/div><\/div><\/div><\/div><\/div>","protected":false},"excerpt":{"rendered":"<p>Vil du h\u00f8re mere om vores l\u00f8sning? Navn *Firma *E-mail *Telefon *MessageSend Nemt og hurtigt Med alle jeres markedsf\u00f8ringsmaterialer samlet [&hellip;]<\/p>\n","protected":false},"author":1,"featured_media":0,"parent":0,"menu_order":0,"comment_status":"closed","ping_status":"closed","template":"page-templates\/pagebuilder.php","meta":[],"_links":{"self":[{"href":"https:\/\/onbox.dk\/index.php?rest_route=\/wp\/v2\/pages\/584"}],"collection":[{"href":"https:\/\/onbox.dk\/index.php?rest_route=\/wp\/v2\/pages"}],"about":[{"href":"https:\/\/onbox.dk\/index.php?rest_route=\/wp\/v2\/types\/page"}],"author":[{"embeddable":true,"href":"https:\/\/onbox.dk\/index.php?rest_route=\/wp\/v2\/users\/1"}],"replies":[{"embeddable":true,"href":"https:\/\/onbox.dk\/index.php?rest_route=%2Fwp%2Fv2%2Fcomments&post=584"}],"version-history":[{"count":115,"href":"https:\/\/onbox.dk\/index.php?rest_route=\/wp\/v2\/pages\/584\/revisions"}],"predecessor-version":[{"id":810,"href":"https:\/\/onbox.dk\/index.php?rest_route=\/wp\/v2\/pages\/584\/revisions\/810"}],"wp:attachment":[{"href":"https:\/\/onbox.dk\/index.php?rest_route=%2Fwp%2Fv2%2Fmedia&parent=584"}],"curies":[{"name":"wp","href":"https:\/\/api.w.org\/{rel}","templated":true}]}}